{"id":1401,"date":"2024-07-18T09:10:12","date_gmt":"2024-07-18T07:10:12","guid":{"rendered":"https:\/\/novesto.pl\/?page_id=1401"},"modified":"2024-07-18T09:48:32","modified_gmt":"2024-07-18T07:48:32","slug":"redukcja-narazenia-pracownikow-na-oddzialywanie-czynnikow-pylowych-konkurs-2023-01","status":"publish","type":"page","link":"https:\/\/novesto.pl\/de\/redukcja-narazenia-pracownikow-na-oddzialywanie-czynnikow-pylowych-konkurs-2023-01\/","title":{"rendered":"REDUZIERUNG DER EXPOSITION DER MITARBEITER GEGEN STAUBMITTEL, Wettbewerb 2023.01"},"content":{"rendered":"\n<p>Gegeben: \u201eProjekt zur Aufrechterhaltung der Arbeitsf\u00e4higkeit w\u00e4hrend der gesamten Berufst\u00e4tigkeit\u201c, durchgef\u00fchrt im Jahr 2023 im Rahmen der Mitfinanzierung der Aktivit\u00e4ten des Beitragszahlers zur Verbesserung des Arbeitsschutzes \u2013 Wettbewerb Nr. 2022<\/p>\n\n\n\n<p>Projekttitel: \u201eREDUZIERUNG DER EXPOSITION DER MITARBEITER GEGEN\u00dcBER STAUBMITTELN, Wettbewerb 2023.01\u201c<\/p>\n\n\n\n<p>Projektziel<\/p>\n\n\n\n<p>Reduzierung der Staubbelastung bei der Verarbeitung von Holz und Holzwerkstoffen durch den Einbau einer professionellen Absauganlage.<\/p>\n\n\n\n<p>Gegenstand des Projekts<\/p>\n\n\n\n<p>Anschaffung einer Entstaubungsanlage und deren Installation in der Produktionshalle.<\/p>\n\n\n\n<p>Zielbenutzergruppe<\/p>\n\n\n\n<p>In der Produktionshalle t\u00e4tige Mitarbeiter, insbesondere Personen, die Holz und Holzwerkstoffe verarbeiten.<\/p>\n\n\n\n<p>Auswirkungen der Umsetzung von Ma\u00dfnahmen<\/p>\n\n\n\n<p>Reduzierung des Risikos von Atemwegserkrankungen.<\/p>\n\n\n\n<p>Gesamtverbesserung der Komfort-, Gesundheits- und Sicherheitsbedingungen in der Arbeitsumgebung.<\/p>\n\n\n\n<p>Reduziert die Erm\u00fcdung der Mitarbeiter durch die Begrenzung des Einatmens verschmutzter Luft.<\/p>\n\n\n\n<p>\u201eGesamtprojektwert\u201c ist der Gesamtbetrag (einschlie\u00dflich Mehrwertsteuer) f\u00fcr alles, was im Antragsbudget enthalten ist. NACH \u00c4NDERUNGEN \u2013 WAS IST F\u00d6RDERBAR (Investition 285.029,99 PLN, ORZ 615,00 PLN, FORSCHUNG 922,50 PLN) \u2013 286.567,49 PLN und der Betrag Die H\u00f6he der Finanzierung ergibt sich aus dem Vertrag mit ZUS (216.135,85 PLN).<\/p>\n\n\n\n<figure class=\"wp-block-image size-large\"><img loading=\"lazy\" decoding=\"async\" width=\"1024\" height=\"683\" src=\"https:\/\/novesto.pl\/wp-content\/uploads\/2024\/07\/tablica__novesto-1024x683.jpg\" alt=\"\" class=\"wp-image-1402\" srcset=\"https:\/\/novesto.pl\/wp-content\/uploads\/2024\/07\/tablica__novesto-1024x683.jpg 1024w, https:\/\/novesto.pl\/wp-content\/uploads\/2024\/07\/tablica__novesto-300x200.jpg 300w, https:\/\/novesto.pl\/wp-content\/uploads\/2024\/07\/tablica__novesto-768x512.jpg 768w, https:\/\/novesto.pl\/wp-content\/uploads\/2024\/07\/tablica__novesto-1536x1024.jpg 1536w, https:\/\/novesto.pl\/wp-content\/uploads\/2024\/07\/tablica__novesto-2048x1365.jpg 2048w\" sizes=\"auto, (max-width: 1024px) 100vw, 1024px\" \/><\/figure>\n\n\n\n<p><\/p>\n","protected":false},"excerpt":{"rendered":"<p>Gegeben: \u201eProjekt zur Aufrechterhaltung der Arbeitsf\u00e4higkeit w\u00e4hrend der gesamten Berufst\u00e4tigkeit\u201c, durchgef\u00fchrt im Jahr 2023 im Rahmen der Mitfinanzierung der Aktivit\u00e4ten des Beitragszahlers zur Verbesserung des Arbeitsschutzes \u2013 Wettbewerb Nr. 2022 Projekttitel: \u201eREDUZIERUNG DER EXPOSITION DER MITARBEITER GEGEN\u00dcBER STAUBMITTELN, Wettbewerb 2023.01\u201c Projektziel Reduzierung der Staubbelastung<a href=\"https:\/\/novesto.pl\/de\/redukcja-narazenia-pracownikow-na-oddzialywanie-czynnikow-pylowych-konkurs-2023-01\/\">Weiterlesen <span class=\"sr-only\">&#8222;REDUZIERUNG DER EXPOSITION DER MITARBEITER GEGEN STAUBMITTEL, Wettbewerb 2023.01&#8220;<\/span><\/a><\/p>\n","protected":false},"author":1,"featured_media":0,"parent":0,"menu_order":0,"comment_status":"closed","ping_status":"closed","template":"","meta":{"_acf_changed":false,"footnotes":""},"class_list":["post-1401","page","type-page","status-publish","hentry"],"acf":[],"_links":{"self":[{"href":"https:\/\/novesto.pl\/de\/wp-json\/wp\/v2\/pages\/1401","targetHints":{"allow":["GET"]}}],"collection":[{"href":"https:\/\/novesto.pl\/de\/wp-json\/wp\/v2\/pages"}],"about":[{"href":"https:\/\/novesto.pl\/de\/wp-json\/wp\/v2\/types\/page"}],"author":[{"embeddable":true,"href":"https:\/\/novesto.pl\/de\/wp-json\/wp\/v2\/users\/1"}],"replies":[{"embeddable":true,"href":"https:\/\/novesto.pl\/de\/wp-json\/wp\/v2\/comments?post=1401"}],"version-history":[{"count":5,"href":"https:\/\/novesto.pl\/de\/wp-json\/wp\/v2\/pages\/1401\/revisions"}],"predecessor-version":[{"id":1414,"href":"https:\/\/novesto.pl\/de\/wp-json\/wp\/v2\/pages\/1401\/revisions\/1414"}],"wp:attachment":[{"href":"https:\/\/novesto.pl\/de\/wp-json\/wp\/v2\/media?parent=1401"}],"curies":[{"name":"wp","href":"https:\/\/api.w.org\/{rel}","templated":true}]}}