{"id":746,"date":"2022-12-16T09:28:06","date_gmt":"2022-12-16T08:28:06","guid":{"rendered":"https:\/\/novesto.pl\/?page_id=746"},"modified":"2023-03-05T12:03:52","modified_gmt":"2023-03-05T11:03:52","slug":"polityka-prywatnosci","status":"publish","type":"page","link":"https:\/\/novesto.pl\/de\/polityka-prywatnosci\/","title":{"rendered":"Datenschutz-Bestimmungen"},"content":{"rendered":"\n<p>Ihre personenbezogenen Daten werden von uns gem\u00e4\u00df der Verordnung (EU) 2016\/679 des Europ\u00e4ischen Parlaments und des Rates vom 27. April 2016 zum Schutz nat\u00fcrlicher Personen bei der Verarbeitung personenbezogener Daten und zum freien Verkehr verarbeitet solcher Daten und zur Aufhebung der Richtlinie 95\/46\/EG (Gesetzblatt UE.L Nr. 119, S. 1) (im Folgenden auch: \u201eDSGVO\u201c) und des Gesetzes zum Schutz personenbezogener Daten.<\/p>\n\n\n\n<h3 class=\"wp-block-heading\">Der Administrator Ihrer pers\u00f6nlichen Daten ist:<\/h3>\n\n\n\n<p class=\"has-secondary-color has-text-color\">NOVESTO JAROS\u0141AW NOWAK I WSPOLNICY SP\u00d3\u0141KA JAWNA<br>ul. Stolarzy 10<br>97-500 Radomsko<br>NIP: 7722412394<\/p>\n\n\n\n<p>Sie haben das Recht, jederzeit auf Daten zuzugreifen, eine Kopie zu erhalten, deren \u00dcbertragung zu verlangen und sie zu korrigieren.<\/p>\n\n\n\n<p>Sie k\u00f6nnen eine erteilte Einwilligung zur Datenverarbeitung jederzeit widerrufen oder einschr\u00e4nken.<\/p>\n\n\n\n<p>Wenn Sie der Meinung sind, dass Ihre Daten nicht ordnungsgem\u00e4\u00df verarbeitet werden, haben Sie das Recht, beim Pr\u00e4sidenten des Amtes f\u00fcr den Schutz personenbezogener Daten Widerspruch einzulegen und eine Beschwerde einzureichen.<\/p>\n\n\n\n<p>Die Korrespondenz bez\u00fcglich personenbezogener Daten ist an folgende Adresse zu richten: <a href=\"mailto:biuro@novesto.pl\">biuro@novesto.pl<\/a> oder schriftlich an die oben genannte Adresse. Administratoradresse<\/p>\n\n\n\n<p>Als Administrator Ihrer personenbezogenen Daten:<\/p>\n\n\n\n<li>F\u00fcr Marketingzwecke verwenden wir Dienste von Drittanbietern (Google, Facebook), die Cookies auf der Website verwenden.<\/\n\n\n\n<ol class=\"wp-block-list\">\n\n<li>Wir verarbeiten sie nur, soweit Sie darin einwilligen oder sich aus dem Gesetz ergeben.<\/li>\n\n\n<li>Wir verarbeiten Ihre Daten insbesondere f\u00fcr: Abschluss und Erf\u00fcllung des Vertrages, Pr\u00fcfung von Reklamationen und R\u00fccksendungen, Zusendung von Handels- und Marketinginformationen \u00fcber die vom Administrator verkauften Produkte, Pr\u00e4sentation von Werbung, Beantwortung von Fragen und Abwehr von Anspr\u00fcchen, Buchhaltung und Steuern.<\/li>\n\n\n<li>Wir verarbeiten die folgenden Datenkategorien:<br>a.&nbsp;&nbsp;&nbsp;&nbsp;&nbsp;&nbsp; Name, Vorname, E-Mail-Adresse, Anschrift, Telefonnummer &#8211; zum Zwecke des Vertragsschlusses und der Vertragserf\u00fcllung<br>b.&nbsp;&nbsp;&nbsp;&nbsp;&nbsp; Name, Nachname, E-Mail-Adresse, Telefonnummer&nbsp; \u2013 zu Marketingzwecken<\/li>\n\n\n<li>Korrespondenz zwischen uns im Zusammenhang mit Vertragsschluss und Vertragserf\u00fcllung wird zum Zwecke der Vertragsabwicklung, Reklamation oder R\u00fccksendung sowie zur Schlichtung etwaiger Streitigkeiten gespeichert. Ihre aus der Korrespondenz resultierende E-Mail-Adresse verarbeiten wir zu keinem anderen Zweck als der Kommunikation zur Bearbeitung Ihres Anliegens.<\/li>\n\n\n<li>Wir geben Ihre Daten nicht an andere Administratoren weiter.<\/li>\n\n\n<li>Wir verarbeiten keine besonderen Kategorien von Daten.<\/li>\n\n\n<li>Wir setzen geeignete organisatorische und technische Ma\u00dfnahmen ein, um Ihre Daten vor Kenntnisnahme durch Unbefugte zu sch\u00fctzen.<\/li>\n\n\n<li>Wir werden Ihre personenbezogenen Daten f\u00fcr einen Zeitraum von 5 Jahren ab dem Datum der Einwilligung verarbeiten, es sei denn, die Einwilligung wird vor Ablauf dieser Frist widerrufen.<\/li>\n\n\n<li>Sie haben jederzeit das Recht, auf Ihre Daten zuzugreifen und sie zu l\u00f6schen sowie sie zu korrigieren.<\/li>\n\n\n<li>Sie k\u00f6nnen eine erteilte Einwilligung zur Datenverarbeitung jederzeit widerrufen oder einschr\u00e4nken.<\/li>\n\n\n<li>Sie haben das Recht, Ihre Daten in einem strukturierten, g\u00e4ngigen, maschinenlesbaren Format zu erhalten und zu verlangen, dass sie an einen anderen Administrator gesendet werden.<\/li>\n\n\n<li>Wenn Sie der Meinung sind, dass Ihre Daten nicht ordnungsgem\u00e4\u00df verarbeitet werden, haben Sie das Recht, Einw\u00e4nde und Beschwerden beim Pr\u00e4sidenten des Amtes f\u00fcr den Schutz personenbezogener Daten einzureichen.<\/li>\n\n\n<li>Die Korrespondenz bez\u00fcglich personenbezogener Daten ist an folgende Adresse zu richten: <a href=\"mailto:biuro@novesto.pl\">biuro@novesto.pl<\/a> oder schriftlich an die oben genannte Adresse. Adresse des Administrators <a href=\"mailto:biuro@novesto.pl\">biuro@novesto.pl<\/a> <\/li>\n\n\n<li>Im Zusammenhang mit der Durchf\u00fchrung des zwischen uns abgeschlossenen Kaufvertrages verarbeiten wir Ihre Daten f\u00fcr einen Zeitraum von bis zu 6 Monaten ab Ablauf der Verj\u00e4hrungsfrist f\u00fcr Anspr\u00fcche aus dem Verkauf nur, soweit dies f\u00fcr die Durchf\u00fchrung erforderlich ist Vertrag.<\/li>\n\n\n<li>F\u00fcr Marketingzwecke verwenden wir Dienste von Drittanbietern (Google, Facebook), die Cookies auf der Website verwenden.<\/\n\nli>\n\n\n\n<li>Wir werden Ihre Daten nicht au\u00dferhalb des Europ\u00e4ischen Wirtschaftsraums \u00fcbertragen.<\/li>\n\n\n<p><!-- \/wp:post-content --><\/p>","protected":false},"excerpt":{"rendered":"<p>Ihre personenbezogenen Daten werden von uns gem\u00e4\u00df der Verordnung (EU) 2016\/679 des Europ\u00e4ischen Parlaments und des Rates vom 27. April 2016 zum Schutz nat\u00fcrlicher Personen bei der Verarbeitung personenbezogener Daten und zum freien Verkehr verarbeitet solcher Daten und zur Aufhebung der Richtlinie 95\/46\/EG (Gesetzblatt<a href=\"https:\/\/novesto.pl\/de\/polityka-prywatnosci\/\">Weiterlesen <span class=\"sr-only\">&#8222;Datenschutz-Bestimmungen&#8220;<\/span><\/a><\/p>\n","protected":false},"author":1,"featured_media":0,"parent":0,"menu_order":3,"comment_status":"closed","ping_status":"closed","template":"","meta":{"_acf_changed":false,"footnotes":""},"class_list":["post-746","page","type-page","status-publish","hentry"],"acf":[],"_links":{"self":[{"href":"https:\/\/novesto.pl\/de\/wp-json\/wp\/v2\/pages\/746","targetHints":{"allow":["GET"]}}],"collection":[{"href":"https:\/\/novesto.pl\/de\/wp-json\/wp\/v2\/pages"}],"about":[{"href":"https:\/\/novesto.pl\/de\/wp-json\/wp\/v2\/types\/page"}],"author":[{"embeddable":true,"href":"https:\/\/novesto.pl\/de\/wp-json\/wp\/v2\/users\/1"}],"replies":[{"embeddable":true,"href":"https:\/\/novesto.pl\/de\/wp-json\/wp\/v2\/comments?post=746"}],"version-history":[{"count":6,"href":"https:\/\/novesto.pl\/de\/wp-json\/wp\/v2\/pages\/746\/revisions"}],"predecessor-version":[{"id":1187,"href":"https:\/\/novesto.pl\/de\/wp-json\/wp\/v2\/pages\/746\/revisions\/1187"}],"wp:attachment":[{"href":"https:\/\/novesto.pl\/de\/wp-json\/wp\/v2\/media?parent=746"}],"curies":[{"name":"wp","href":"https:\/\/api.w.org\/{rel}","templated":true}]}}