{"id":764,"date":"2022-12-16T09:42:46","date_gmt":"2022-12-16T08:42:46","guid":{"rendered":"https:\/\/novesto.pl\/?page_id=764"},"modified":"2024-01-23T11:15:43","modified_gmt":"2024-01-23T10:15:43","slug":"firma","status":"publish","type":"page","link":"https:\/\/novesto.pl\/de\/firma\/","title":{"rendered":"Firma"},"content":{"rendered":"\n<figure class=\"wp-block-image alignwide size-full\"><img loading=\"lazy\" decoding=\"async\" width=\"1920\" height=\"600\" src=\"https:\/\/novesto.pl\/wp-content\/uploads\/2023\/01\/novesto-siedziba.webp\" alt=\"\" class=\"wp-image-993\" srcset=\"https:\/\/novesto.pl\/wp-content\/uploads\/2023\/01\/novesto-siedziba.webp 1920w, https:\/\/novesto.pl\/wp-content\/uploads\/2023\/01\/novesto-siedziba-300x94.webp 300w, https:\/\/novesto.pl\/wp-content\/uploads\/2023\/01\/novesto-siedziba-1024x320.webp 1024w, https:\/\/novesto.pl\/wp-content\/uploads\/2023\/01\/novesto-siedziba-768x240.webp 768w, https:\/\/novesto.pl\/wp-content\/uploads\/2023\/01\/novesto-siedziba-1536x480.webp 1536w\" sizes=\"auto, (max-width: 1920px) 100vw, 1920px\" \/><\/figure>\n\n\n\n<div class=\"wp-block-columns is-layout-flex wp-container-core-columns-is-layout-9d6595d7 wp-block-columns-is-layout-flex\">\n<div class=\"wp-block-column is-vertically-aligned-center is-layout-flow wp-block-column-is-layout-flow\">\n<h2 class=\"has-secondary-color has-text-color wp-block-heading\">MEISTERQUALIT\u00c4T<\/h2>\n\n\n\n<p>Pr\u00e4zision, Langlebigkeit und Zuverl\u00e4ssigkeit \u2013 wir garantieren h\u00f6chste Produktleistung dank moderner technologischer L\u00f6sungen, aber auch dank des Wissens erstklassiger Spezialisten. Wir sind st\u00e4ndig auf der Suche nach Innovationen, verbessern unsere F\u00e4higkeiten und verwenden f\u00fcr die Produktion nur zertifizierte und zertifizierte Rohstoffe von namhaften Lieferanten.<\/p>\n<\/div>\n\n\n\n<div class=\"wp-block-column is-layout-flow wp-block-column-is-layout-flow\">\n<figure class=\"wp-block-image size-full\"><img loading=\"lazy\" decoding=\"async\" width=\"880\" height=\"540\" src=\"https:\/\/novesto.pl\/wp-content\/uploads\/2023\/01\/Novesto2.jpg\" alt=\"\" class=\"wp-image-997\" srcset=\"https:\/\/novesto.pl\/wp-content\/uploads\/2023\/01\/Novesto2.jpg 880w, https:\/\/novesto.pl\/wp-content\/uploads\/2023\/01\/Novesto2-300x184.jpg 300w, https:\/\/novesto.pl\/wp-content\/uploads\/2023\/01\/Novesto2-768x471.jpg 768w\" sizes=\"auto, (max-width: 880px) 100vw, 880px\" \/><\/figure>\n<\/div>\n<\/div>\n\n\n\n<div class=\"wp-block-columns is-layout-flex wp-container-core-columns-is-layout-9d6595d7 wp-block-columns-is-layout-flex\">\n<div class=\"wp-block-column is-layout-flow wp-block-column-is-layout-flow\">\n<figure class=\"wp-block-image size-large\"><img loading=\"lazy\" decoding=\"async\" width=\"1024\" height=\"683\" src=\"https:\/\/novesto.pl\/wp-content\/uploads\/2023\/01\/novesto-galeria-31-1024x683.webp\" alt=\"\" class=\"wp-image-1031\" srcset=\"https:\/\/novesto.pl\/wp-content\/uploads\/2023\/01\/novesto-galeria-31-1024x683.webp 1024w, https:\/\/novesto.pl\/wp-content\/uploads\/2023\/01\/novesto-galeria-31-300x200.webp 300w, https:\/\/novesto.pl\/wp-content\/uploads\/2023\/01\/novesto-galeria-31-768x512.webp 768w, https:\/\/novesto.pl\/wp-content\/uploads\/2023\/01\/novesto-galeria-31-1536x1024.webp 1536w, https:\/\/novesto.pl\/wp-content\/uploads\/2023\/01\/novesto-galeria-31-2048x1365.webp 2048w\" sizes=\"auto, (max-width: 1024px) 100vw, 1024px\" \/><\/figure>\n<\/div>\n\n\n\n<div class=\"wp-block-column is-vertically-aligned-center is-layout-flow wp-block-column-is-layout-flow\">\n<h2 class=\"has-secondary-color has-text-color wp-block-heading\">DIE KRAFT DER ERFAHRUNG<\/h2>\n\n\n\n<p>Langj\u00e4hrige Marktpr\u00e4senz und eine lange Liste zufriedener Kunden haben uns einen hervorragenden Ruf als zuverl\u00e4ssiger Hersteller und bew\u00e4hrter Gesch\u00e4ftspartner eingebracht.<\/p>\n\n\n\n<p>Wir sind seit Jahren t\u00e4tig und verstehen die Regeln und Bed\u00fcrfnisse des Marktes, weshalb wir neben Produkten h\u00f6chster Qualit\u00e4t die M\u00f6glichkeit der Ausarbeitung g\u00fcnstiger Bedingungen der Zusammenarbeit garantieren. Wettbewerbsf\u00e4hige Preise, Rabatte, individuelle Verhandlungen \u2013 wir passen uns flexibel den Erwartungen unserer Gesch\u00e4ftspartner an.<\/p>\n<\/div>\n<\/div>\n\n\n\n<div class=\"wp-block-columns is-layout-flex wp-container-core-columns-is-layout-9d6595d7 wp-block-columns-is-layout-flex\">\n<div class=\"wp-block-column is-vertically-aligned-center is-layout-flow wp-block-column-is-layout-flow\">\n<h2 class=\"has-secondary-color has-text-color wp-block-heading\">INNOVATIVE L\u00d6SUNGEN, TECHNOLOGIE UND DESIGN<\/h2>\n\n\n\n<p>Jeder von uns sucht Sch\u00f6nheit im Alltag, versteht sie aber anders. Deshalb entwickeln wir seit Jahren unser Angebot an M\u00f6belfronten mit allen Neuheiten und reagieren auf die sich \u00e4ndernden Trends und Kundenbed\u00fcrfnisse. Die dynamische Entwicklung des Unternehmens, seine starke Marktposition und die Vielfalt der Produktion verdanken wir seinen hervorragenden Mitarbeitern, unterst\u00fctzt durch einen umfangreichen Maschinenpark und modernste Technologien.<\/p>\n<\/div>\n\n\n\n<div class=\"wp-block-column is-layout-flow wp-block-column-is-layout-flow\">\n<figure class=\"wp-block-image size-large\"><img loading=\"lazy\" decoding=\"async\" width=\"1024\" height=\"683\" src=\"https:\/\/novesto.pl\/wp-content\/uploads\/2023\/01\/novesto-galeria-16-1024x683.webp\" alt=\"\" class=\"wp-image-1016\" srcset=\"https:\/\/novesto.pl\/wp-content\/uploads\/2023\/01\/novesto-galeria-16-1024x683.webp 1024w, https:\/\/novesto.pl\/wp-content\/uploads\/2023\/01\/novesto-galeria-16-300x200.webp 300w, https:\/\/novesto.pl\/wp-content\/uploads\/2023\/01\/novesto-galeria-16-768x512.webp 768w, https:\/\/novesto.pl\/wp-content\/uploads\/2023\/01\/novesto-galeria-16-1536x1024.webp 1536w, https:\/\/novesto.pl\/wp-content\/uploads\/2023\/01\/novesto-galeria-16-2048x1365.webp 2048w\" sizes=\"auto, (max-width: 1024px) 100vw, 1024px\" \/><\/figure>\n<\/div>\n<\/div>\n","protected":false},"excerpt":{"rendered":"<p>MEISTERQUALIT\u00c4T Pr\u00e4zision, Langlebigkeit und Zuverl\u00e4ssigkeit \u2013 wir garantieren h\u00f6chste Produktleistung dank moderner technologischer L\u00f6sungen, aber auch dank des Wissens erstklassiger Spezialisten. Wir sind st\u00e4ndig auf der Suche nach Innovationen, verbessern unsere F\u00e4higkeiten und verwenden f\u00fcr die Produktion nur zertifizierte und zertifizierte Rohstoffe von namhaften<a href=\"https:\/\/novesto.pl\/de\/firma\/\">Weiterlesen <span class=\"sr-only\">&#8222;Firma&#8220;<\/span><\/a><\/p>\n","protected":false},"author":1,"featured_media":0,"parent":0,"menu_order":1,"comment_status":"closed","ping_status":"closed","template":"","meta":{"_acf_changed":false,"footnotes":""},"class_list":["post-764","page","type-page","status-publish","hentry"],"acf":[],"_links":{"self":[{"href":"https:\/\/novesto.pl\/de\/wp-json\/wp\/v2\/pages\/764","targetHints":{"allow":["GET"]}}],"collection":[{"href":"https:\/\/novesto.pl\/de\/wp-json\/wp\/v2\/pages"}],"about":[{"href":"https:\/\/novesto.pl\/de\/wp-json\/wp\/v2\/types\/page"}],"author":[{"embeddable":true,"href":"https:\/\/novesto.pl\/de\/wp-json\/wp\/v2\/users\/1"}],"replies":[{"embeddable":true,"href":"https:\/\/novesto.pl\/de\/wp-json\/wp\/v2\/comments?post=764"}],"version-history":[{"count":5,"href":"https:\/\/novesto.pl\/de\/wp-json\/wp\/v2\/pages\/764\/revisions"}],"predecessor-version":[{"id":1277,"href":"https:\/\/novesto.pl\/de\/wp-json\/wp\/v2\/pages\/764\/revisions\/1277"}],"wp:attachment":[{"href":"https:\/\/novesto.pl\/de\/wp-json\/wp\/v2\/media?parent=764"}],"curies":[{"name":"wp","href":"https:\/\/api.w.org\/{rel}","templated":true}]}}