{"id":779,"date":"2022-12-16T10:13:28","date_gmt":"2022-12-16T09:13:28","guid":{"rendered":"https:\/\/novesto.pl\/?page_id=779"},"modified":"2023-01-13T11:38:42","modified_gmt":"2023-01-13T10:38:42","slug":"uslugi","status":"publish","type":"page","link":"https:\/\/novesto.pl\/de\/uslugi\/","title":{"rendered":"Dienstleistungen"},"content":{"rendered":"\n<div class=\"wp-block-columns is-layout-flex wp-container-core-columns-is-layout-9d6595d7 wp-block-columns-is-layout-flex\">\n<div class=\"wp-block-column is-vertically-aligned-center is-layout-flow wp-block-column-is-layout-flow\">\n<h2 class=\"wp-block-heading\">M\u00f6belbretter schneiden<\/h2>\n\n\n\n<p>Dank eines modernen Maschinenparks, der Pr\u00e4zision und hohe Servicequalit\u00e4t gew\u00e4hrleistet, bieten wir die M\u00f6glichkeit des pr\u00e4zisen Zuschnitts von M\u00f6belplatten. Fortschrittliche Software zur Optimierung des Materialschnitts, die mit unserem Maschinenpark zusammenarbeitet, um den besten Effekt zu erzielen.<\/p>\n\n\n\n<div class=\"wp-block-buttons is-layout-flex wp-block-buttons-is-layout-flex\">\n<div class=\"wp-block-button\"><a class=\"wp-block-button__link wp-element-button\" href=\"https:\/\/novesto.pl\/de\/uslugi\/ciecie-plyt-meblowych\/\">Weiterlesen<\/a><\/div>\n<\/div>\n<\/div>\n\n\n\n<div class=\"wp-block-column is-layout-flow wp-block-column-is-layout-flow\">\n<figure class=\"wp-block-image size-large\"><img loading=\"lazy\" decoding=\"async\" width=\"1024\" height=\"666\" src=\"https:\/\/novesto.pl\/wp-content\/uploads\/2023\/01\/ciecie-plyt-meblowych-radomsko-1024x666.webp\" alt=\"\" class=\"wp-image-979\" srcset=\"https:\/\/novesto.pl\/wp-content\/uploads\/2023\/01\/ciecie-plyt-meblowych-radomsko-1024x666.webp 1024w, https:\/\/novesto.pl\/wp-content\/uploads\/2023\/01\/ciecie-plyt-meblowych-radomsko-300x195.webp 300w, https:\/\/novesto.pl\/wp-content\/uploads\/2023\/01\/ciecie-plyt-meblowych-radomsko-768x500.webp 768w, https:\/\/novesto.pl\/wp-content\/uploads\/2023\/01\/ciecie-plyt-meblowych-radomsko.webp 1200w\" sizes=\"auto, (max-width: 1024px) 100vw, 1024px\" \/><\/figure>\n<\/div>\n<\/div>\n\n\n\n<div class=\"wp-block-columns is-layout-flex wp-container-core-columns-is-layout-9d6595d7 wp-block-columns-is-layout-flex\">\n<div class=\"wp-block-column is-layout-flow wp-block-column-is-layout-flow\">\n<figure class=\"wp-block-image size-large\"><img loading=\"lazy\" decoding=\"async\" width=\"1024\" height=\"666\" src=\"https:\/\/novesto.pl\/wp-content\/uploads\/2023\/01\/oklejanie-plyt-meblowych-radomsko-1024x666.webp\" alt=\"\" class=\"wp-image-982\" srcset=\"https:\/\/novesto.pl\/wp-content\/uploads\/2023\/01\/oklejanie-plyt-meblowych-radomsko-1024x666.webp 1024w, https:\/\/novesto.pl\/wp-content\/uploads\/2023\/01\/oklejanie-plyt-meblowych-radomsko-300x195.webp 300w, https:\/\/novesto.pl\/wp-content\/uploads\/2023\/01\/oklejanie-plyt-meblowych-radomsko-768x500.webp 768w, https:\/\/novesto.pl\/wp-content\/uploads\/2023\/01\/oklejanie-plyt-meblowych-radomsko.webp 1200w\" sizes=\"auto, (max-width: 1024px) 100vw, 1024px\" \/><\/figure>\n<\/div>\n\n\n\n<div class=\"wp-block-column is-vertically-aligned-center is-layout-flow wp-block-column-is-layout-flow\">\n<h2 class=\"wp-block-heading\">M\u00f6belplatten abdecken<\/h2>\n\n\n\n<p>Wir bieten den Service des Leimens von M\u00f6belplatten sowie jeglichem Tischlermaterial an. Je nach zu verklebender Oberfl\u00e4che haben wir es mit beliebigen oder farblich passenden Kanten zu tun.<\/p>\n\n\n\n<div class=\"wp-block-buttons is-layout-flex wp-block-buttons-is-layout-flex\">\n<div class=\"wp-block-button\"><a class=\"wp-block-button__link wp-element-button\" href=\"https:\/\/novesto.pl\/de\/uslugi\/oklejanie-plyt-meblowych\/\">Weiterlesen<\/a><\/div>\n<\/div>\n<\/div>\n<\/div>\n\n\n\n<div class=\"wp-block-columns is-layout-flex wp-container-core-columns-is-layout-9d6595d7 wp-block-columns-is-layout-flex\">\n<div class=\"wp-block-column is-vertically-aligned-center is-layout-flow wp-block-column-is-layout-flow\">\n<h2 class=\"wp-block-heading\"><strong>Laminieren und Furnieren von Tischlerplatten<\/strong><\/h2>\n\n\n\n<p>Das Angebot unseres Unternehmens umfasst Laminierungs- und Furnierdienstleistungen. Mit einem hochmodernen Maschinenpark k\u00f6nnen wir jede Tischlerplatte sowie eine feuerfeste Platte mit Furnier, Furnier und HPL-Laminat bekleben.<\/p>\n\n\n\n<div class=\"wp-block-buttons is-layout-flex wp-block-buttons-is-layout-flex\">\n<div class=\"wp-block-button\"><a class=\"wp-block-button__link wp-element-button\" href=\"https:\/\/novesto.pl\/de\/uslugi\/laminowanie-i-fornirowanie-plyt-stolarskich\/\">Weiterlesen<\/a><\/div>\n<\/div>\n<\/div>\n\n\n\n<div class=\"wp-block-column is-layout-flow wp-block-column-is-layout-flow\">\n<figure class=\"wp-block-image size-large\"><img loading=\"lazy\" decoding=\"async\" width=\"1024\" height=\"666\" src=\"https:\/\/novesto.pl\/wp-content\/uploads\/2023\/01\/fornirowanie-radomsko-1024x666.webp\" alt=\"\" class=\"wp-image-980\" srcset=\"https:\/\/novesto.pl\/wp-content\/uploads\/2023\/01\/fornirowanie-radomsko-1024x666.webp 1024w, https:\/\/novesto.pl\/wp-content\/uploads\/2023\/01\/fornirowanie-radomsko-300x195.webp 300w, https:\/\/novesto.pl\/wp-content\/uploads\/2023\/01\/fornirowanie-radomsko-768x500.webp 768w, https:\/\/novesto.pl\/wp-content\/uploads\/2023\/01\/fornirowanie-radomsko.webp 1200w\" sizes=\"auto, (max-width: 1024px) 100vw, 1024px\" \/><\/figure>\n<\/div>\n<\/div>\n\n\n\n<div class=\"wp-block-columns is-layout-flex wp-container-core-columns-is-layout-9d6595d7 wp-block-columns-is-layout-flex\">\n<div class=\"wp-block-column is-layout-flow wp-block-column-is-layout-flow\">\n<figure class=\"wp-block-image size-large\"><img loading=\"lazy\" decoding=\"async\" width=\"1024\" height=\"666\" src=\"https:\/\/novesto.pl\/wp-content\/uploads\/2023\/01\/lakierowane-fronty-meblowe-radomsko-1024x666.webp\" alt=\"\" class=\"wp-image-981\" srcset=\"https:\/\/novesto.pl\/wp-content\/uploads\/2023\/01\/lakierowane-fronty-meblowe-radomsko-1024x666.webp 1024w, https:\/\/novesto.pl\/wp-content\/uploads\/2023\/01\/lakierowane-fronty-meblowe-radomsko-300x195.webp 300w, https:\/\/novesto.pl\/wp-content\/uploads\/2023\/01\/lakierowane-fronty-meblowe-radomsko-768x500.webp 768w, https:\/\/novesto.pl\/wp-content\/uploads\/2023\/01\/lakierowane-fronty-meblowe-radomsko.webp 1200w\" sizes=\"auto, (max-width: 1024px) 100vw, 1024px\" \/><\/figure>\n<\/div>\n\n\n\n<div class=\"wp-block-column is-vertically-aligned-center is-layout-flow wp-block-column-is-layout-flow\">\n<h2 class=\"wp-block-heading\"><strong>M\u00f6belplatten lackieren<\/strong><\/h2>\n\n\n\n<p>Damit jeder Kunde etwas f\u00fcr sich findet, haben wir einen reichhaltigen Katalog lackierter Fronten erstellt, die an jeden Stil angepasst sind. Eine gro\u00dfe Auswahl an Designs erm\u00f6glicht es Ihnen, das Modell ganz einfach so anzupassen, dass es perfekt in die Einrichtung Ihres Hauses passt.<\/p>\n\n\n\n<div class=\"wp-block-buttons is-layout-flex wp-block-buttons-is-layout-flex\">\n<div class=\"wp-block-button\"><a class=\"wp-block-button__link wp-element-button\" href=\"https:\/\/novesto.pl\/de\/uslugi\/lakierowanie-plyt-meblowych\/\">Weiterlesen<\/a><\/div>\n<\/div>\n<\/div>\n<\/div>\n","protected":false},"excerpt":{"rendered":"<p>M\u00f6belbretter schneiden Dank eines modernen Maschinenparks, der Pr\u00e4zision und hohe Servicequalit\u00e4t gew\u00e4hrleistet, bieten wir die M\u00f6glichkeit des pr\u00e4zisen Zuschnitts von M\u00f6belplatten. Fortschrittliche Software zur Optimierung des Materialschnitts, die mit unserem Maschinenpark zusammenarbeitet, um den besten Effekt zu erzielen. M\u00f6belplatten abdecken Wir bieten den Service<a href=\"https:\/\/novesto.pl\/de\/uslugi\/\">Weiterlesen <span class=\"sr-only\">&#8222;Dienstleistungen&#8220;<\/span><\/a><\/p>\n","protected":false},"author":1,"featured_media":0,"parent":0,"menu_order":5,"comment_status":"closed","ping_status":"closed","template":"","meta":{"_acf_changed":false,"footnotes":""},"class_list":["post-779","page","type-page","status-publish","hentry"],"acf":[],"_links":{"self":[{"href":"https:\/\/novesto.pl\/de\/wp-json\/wp\/v2\/pages\/779","targetHints":{"allow":["GET"]}}],"collection":[{"href":"https:\/\/novesto.pl\/de\/wp-json\/wp\/v2\/pages"}],"about":[{"href":"https:\/\/novesto.pl\/de\/wp-json\/wp\/v2\/types\/page"}],"author":[{"embeddable":true,"href":"https:\/\/novesto.pl\/de\/wp-json\/wp\/v2\/users\/1"}],"replies":[{"embeddable":true,"href":"https:\/\/novesto.pl\/de\/wp-json\/wp\/v2\/comments?post=779"}],"version-history":[{"count":13,"href":"https:\/\/novesto.pl\/de\/wp-json\/wp\/v2\/pages\/779\/revisions"}],"predecessor-version":[{"id":992,"href":"https:\/\/novesto.pl\/de\/wp-json\/wp\/v2\/pages\/779\/revisions\/992"}],"wp:attachment":[{"href":"https:\/\/novesto.pl\/de\/wp-json\/wp\/v2\/media?parent=779"}],"curies":[{"name":"wp","href":"https:\/\/api.w.org\/{rel}","templated":true}]}}