{"id":951,"date":"2023-01-12T11:20:46","date_gmt":"2023-01-12T10:20:46","guid":{"rendered":"https:\/\/novesto.pl\/?page_id=951"},"modified":"2024-04-30T12:10:23","modified_gmt":"2024-04-30T10:10:23","slug":"oklejanie-plyt-meblowych","status":"publish","type":"page","link":"https:\/\/novesto.pl\/de\/uslugi\/oklejanie-plyt-meblowych\/","title":{"rendered":"M\u00f6belplatten abdecken"},"content":{"rendered":"\n<p>Wir bieten den Service des Leimens von M\u00f6belplatten sowie jeglichem Tischlermaterial an. Je nach zu verklebender Oberfl\u00e4che haben wir es mit beliebigen oder farblich passenden Kanten zu tun. Die hohe Qualit\u00e4t der Umh\u00fcllung von M\u00f6belelementen wird durch die Umh\u00fcllung aller Elemente mit wasserfestem PUR-Kleber gew\u00e4hrleistet.<\/p>\n\n\n\n<p>Wir beschichten die Oberfl\u00e4chen von Spanplatten, MDF, Arbeitsplatten und Kunststoffplatten. Zum Verkleben von M\u00f6belplatten werden am h\u00e4ufigsten Kanten aus PVC- oder ABS-Kunststoff in verschiedenen St\u00e4rken und Breiten verwendet.<\/p>\n\n\n\n<p>Wir arbeiten mit den besten auf dem Markt erh\u00e4ltlichen Herstellern von M\u00f6belplatten zusammen, d. h. Egger, Swiss Krono, Pfleiderer, Kronospan und anderen.<\/p>\n","protected":false},"excerpt":{"rendered":"<p>Wir bieten den Service des Leimens von M\u00f6belplatten sowie jeglichem Tischlermaterial an. Je nach zu verklebender Oberfl\u00e4che haben wir es mit beliebigen oder farblich passenden Kanten zu tun. Die hohe Qualit\u00e4t der Umh\u00fcllung von M\u00f6belelementen wird durch die Umh\u00fcllung aller Elemente mit wasserfestem PUR-Kleber<a href=\"https:\/\/novesto.pl\/de\/uslugi\/oklejanie-plyt-meblowych\/\">Weiterlesen <span class=\"sr-only\">&#8222;M\u00f6belplatten abdecken&#8220;<\/span><\/a><\/p>\n","protected":false},"author":1,"featured_media":0,"parent":779,"menu_order":0,"comment_status":"closed","ping_status":"closed","template":"","meta":{"_acf_changed":false,"footnotes":""},"class_list":["post-951","page","type-page","status-publish","hentry"],"acf":[],"_links":{"self":[{"href":"https:\/\/novesto.pl\/de\/wp-json\/wp\/v2\/pages\/951","targetHints":{"allow":["GET"]}}],"collection":[{"href":"https:\/\/novesto.pl\/de\/wp-json\/wp\/v2\/pages"}],"about":[{"href":"https:\/\/novesto.pl\/de\/wp-json\/wp\/v2\/types\/page"}],"author":[{"embeddable":true,"href":"https:\/\/novesto.pl\/de\/wp-json\/wp\/v2\/users\/1"}],"replies":[{"embeddable":true,"href":"https:\/\/novesto.pl\/de\/wp-json\/wp\/v2\/comments?post=951"}],"version-history":[{"count":5,"href":"https:\/\/novesto.pl\/de\/wp-json\/wp\/v2\/pages\/951\/revisions"}],"predecessor-version":[{"id":1295,"href":"https:\/\/novesto.pl\/de\/wp-json\/wp\/v2\/pages\/951\/revisions\/1295"}],"up":[{"embeddable":true,"href":"https:\/\/novesto.pl\/de\/wp-json\/wp\/v2\/pages\/779"}],"wp:attachment":[{"href":"https:\/\/novesto.pl\/de\/wp-json\/wp\/v2\/media?parent=951"}],"curies":[{"name":"wp","href":"https:\/\/api.w.org\/{rel}","templated":true}]}}