{"id":953,"date":"2023-01-12T11:21:31","date_gmt":"2023-01-12T10:21:31","guid":{"rendered":"https:\/\/novesto.pl\/?page_id=953"},"modified":"2023-07-18T15:48:43","modified_gmt":"2023-07-18T13:48:43","slug":"laminowanie-i-fornirowanie-plyt-stolarskich","status":"publish","type":"page","link":"https:\/\/novesto.pl\/de\/uslugi\/laminowanie-i-fornirowanie-plyt-stolarskich\/","title":{"rendered":"Laminieren und Furnieren von Tischlerplatten"},"content":{"rendered":"\n<p>Das Angebot unseres Unternehmens umfasst Laminierungs- und Furnierdienstleistungen. Mit einem hochmodernen Maschinenpark k\u00f6nnen wir Furnier, Furnier und HPL-Laminat auf jede Tischlerplatte sowie feuerfeste Platten kleben. Ungew\u00f6hnliche Anordnungen mit sichtbaren Elementen, die eine doppelseitige Laminierung erfordern, werden mit einer hydraulischen Presse hergestellt. Der gro\u00dfe Vorteil dieses Materials ist seine hohe Haltbarkeit und Temperaturbest\u00e4ndigkeit. Dies ist besonders in R\u00e4umen mit erh\u00f6hter Luftfeuchtigkeit sehr wichtig.<\/p>\n\n\n\n<p>Naturfurnier, also Furnier, ist eine edle Alternative zu Fronten aus Massivholz. Das Furnier besteht aus d\u00fcnnen Holzplatten, die durch Umfangs-, Exzenter- oder Flachschnitt aus dem Stamm geschnitten wurden. Der Hauptvorteil von mit Furnier verkleideten, also furnierten Fronten, ist ihre Langlebigkeit und ihr nat\u00fcrlicher Charakter. Wir k\u00f6nnen verschiedene Arten von Holzwerkstoffplatten furnieren: Sperrholz, Tischlerplatten, Spanplatten, MDF. Dank des urspr\u00fcnglichen, nat\u00fcrlichen Holzmusters und der sorgf\u00e4ltig bearbeiteten Oberfl\u00e4che schaffen wir M\u00f6bel mit hohen \u00e4sthetischen Werten.<\/p>\n\n\n\n<p>Wir bieten eine vollst\u00e4ndige Kollektion heimischer und exotischer Naturfurniere und Furniere. Wir verkaufen auch modifizierte Furniere. Wir arbeiten mit Herstellern und Vertreibern aus Polen und dem Ausland zusammen (darunter Alpi, California Trading und andere).<\/p>\n\n\n\n<p>Dank der professionellen Qualit\u00e4t der Dienstleistungen laminieren wir jedes Element mit HPL-Laminat und verwenden Anti-Spannungslaminate in tragenden Elementen oder Arbeitsplatten, dank denen sich das Endprodukt nicht verbiegt.<\/p>\n\n\n\n<p>Wir produzieren spezielles furniertes und laminiertes Sperrholz f\u00fcr die Herstellung von Wohnmobilen, Booten und T\u00fcren, wobei wir Sperrholz, Furnier oder Laminat verwenden.<\/p>\n\n\n\n<p>Unsere Kollektion umfasst HPL-Dekore von Firmen wie Abet, Kronospan, Egger, Swiss Krono, Pfleiderer, Laminart, Formica und anderen.<\/p>\n","protected":false},"excerpt":{"rendered":"<p>Das Angebot unseres Unternehmens umfasst Laminierungs- und Furnierdienstleistungen. Mit einem hochmodernen Maschinenpark k\u00f6nnen wir Furnier, Furnier und HPL-Laminat auf jede Tischlerplatte sowie feuerfeste Platten kleben. Ungew\u00f6hnliche Anordnungen mit sichtbaren Elementen, die eine doppelseitige Laminierung erfordern, werden mit einer hydraulischen Presse hergestellt. Der gro\u00dfe Vorteil<a href=\"https:\/\/novesto.pl\/de\/uslugi\/laminowanie-i-fornirowanie-plyt-stolarskich\/\">Weiterlesen <span class=\"sr-only\">&#8222;Laminieren und Furnieren von Tischlerplatten&#8220;<\/span><\/a><\/p>\n","protected":false},"author":1,"featured_media":0,"parent":779,"menu_order":0,"comment_status":"closed","ping_status":"closed","template":"","meta":{"_acf_changed":false,"footnotes":""},"class_list":["post-953","page","type-page","status-publish","hentry"],"acf":[],"_links":{"self":[{"href":"https:\/\/novesto.pl\/de\/wp-json\/wp\/v2\/pages\/953","targetHints":{"allow":["GET"]}}],"collection":[{"href":"https:\/\/novesto.pl\/de\/wp-json\/wp\/v2\/pages"}],"about":[{"href":"https:\/\/novesto.pl\/de\/wp-json\/wp\/v2\/types\/page"}],"author":[{"embeddable":true,"href":"https:\/\/novesto.pl\/de\/wp-json\/wp\/v2\/users\/1"}],"replies":[{"embeddable":true,"href":"https:\/\/novesto.pl\/de\/wp-json\/wp\/v2\/comments?post=953"}],"version-history":[{"count":5,"href":"https:\/\/novesto.pl\/de\/wp-json\/wp\/v2\/pages\/953\/revisions"}],"predecessor-version":[{"id":1265,"href":"https:\/\/novesto.pl\/de\/wp-json\/wp\/v2\/pages\/953\/revisions\/1265"}],"up":[{"embeddable":true,"href":"https:\/\/novesto.pl\/de\/wp-json\/wp\/v2\/pages\/779"}],"wp:attachment":[{"href":"https:\/\/novesto.pl\/de\/wp-json\/wp\/v2\/media?parent=953"}],"curies":[{"name":"wp","href":"https:\/\/api.w.org\/{rel}","templated":true}]}}