{"id":955,"date":"2023-01-12T11:22:30","date_gmt":"2023-01-12T10:22:30","guid":{"rendered":"https:\/\/novesto.pl\/?page_id=955"},"modified":"2024-04-30T12:11:16","modified_gmt":"2024-04-30T10:11:16","slug":"lakierowanie-plyt-meblowych","status":"publish","type":"page","link":"https:\/\/novesto.pl\/de\/uslugi\/lakierowanie-plyt-meblowych\/","title":{"rendered":"M\u00f6belplatten lackieren"},"content":{"rendered":"\n<p>Damit jeder Kunde etwas f\u00fcr sich findet, haben wir einen reichhaltigen Katalog lackierter Fronten erstellt, die an jeden Stil angepasst sind. Eine gro\u00dfe Auswahl an Designs erm\u00f6glicht es Ihnen, das Modell ganz einfach so anzupassen, dass es perfekt in die Einrichtung Ihres Hauses passt.<\/p>\n\n\n\n<p>In unserem Angebot haben wir neben klassischen und modernen Hochglanz-, Matt- oder Seidenglanz-Lackfronten auch die M\u00f6glichkeit, beliebige individuelle Designs auf Sonderbestellung zu erstellen. Wir sind nur durch Ihre Vorstellungskraft begrenzt.<\/p>\n\n\n\n<p>Alle Auftr\u00e4ge f\u00fcr lackierte Fronten werden in k\u00fcrzester Zeit ausgef\u00fchrt, damit die Fronten schnell bei unseren Kunden ankommen. Durch mehrfache Kontrollen des fertigen Produkts achten wir besonders auf die Qualit\u00e4t.<\/p>\n\n\n\n<p>Wir bieten auch professionelle Hilfe und Beratung bei der Auswahl spezifischer Dekore, die an jedes Arrangement angepasst sind.<\/p>\n\n\n\n<p>Wir bieten auch den Service an, anvertraute Elemente zu lackieren, und im Falle einer Nachbestellung die M\u00f6glichkeit, die Farbe von bestehenden Elementen abzulesen.<\/p>\n\n\n\n<p>Der in unserem Angebot angebotene Lackierservice wird nach dem Musterbuch RAL, NCS, ICA ausgef\u00fchrt.<\/p>\n","protected":false},"excerpt":{"rendered":"<p>Damit jeder Kunde etwas f\u00fcr sich findet, haben wir einen reichhaltigen Katalog lackierter Fronten erstellt, die an jeden Stil angepasst sind. Eine gro\u00dfe Auswahl an Designs erm\u00f6glicht es Ihnen, das Modell ganz einfach so anzupassen, dass es perfekt in die Einrichtung Ihres Hauses passt.<a href=\"https:\/\/novesto.pl\/de\/uslugi\/lakierowanie-plyt-meblowych\/\">Weiterlesen <span class=\"sr-only\">&#8222;M\u00f6belplatten lackieren&#8220;<\/span><\/a><\/p>\n","protected":false},"author":1,"featured_media":0,"parent":779,"menu_order":0,"comment_status":"closed","ping_status":"closed","template":"","meta":{"_acf_changed":false,"footnotes":""},"class_list":["post-955","page","type-page","status-publish","hentry"],"acf":[],"_links":{"self":[{"href":"https:\/\/novesto.pl\/de\/wp-json\/wp\/v2\/pages\/955","targetHints":{"allow":["GET"]}}],"collection":[{"href":"https:\/\/novesto.pl\/de\/wp-json\/wp\/v2\/pages"}],"about":[{"href":"https:\/\/novesto.pl\/de\/wp-json\/wp\/v2\/types\/page"}],"author":[{"embeddable":true,"href":"https:\/\/novesto.pl\/de\/wp-json\/wp\/v2\/users\/1"}],"replies":[{"embeddable":true,"href":"https:\/\/novesto.pl\/de\/wp-json\/wp\/v2\/comments?post=955"}],"version-history":[{"count":5,"href":"https:\/\/novesto.pl\/de\/wp-json\/wp\/v2\/pages\/955\/revisions"}],"predecessor-version":[{"id":1297,"href":"https:\/\/novesto.pl\/de\/wp-json\/wp\/v2\/pages\/955\/revisions\/1297"}],"up":[{"embeddable":true,"href":"https:\/\/novesto.pl\/de\/wp-json\/wp\/v2\/pages\/779"}],"wp:attachment":[{"href":"https:\/\/novesto.pl\/de\/wp-json\/wp\/v2\/media?parent=955"}],"curies":[{"name":"wp","href":"https:\/\/api.w.org\/{rel}","templated":true}]}}